{"id":2,"date":"2024-11-22T20:22:51","date_gmt":"2024-11-22T19:22:51","guid":{"rendered":"https:\/\/sphinx-afrique.com\/?page_id=2"},"modified":"2024-11-25T02:06:00","modified_gmt":"2024-11-25T01:06:00","slug":"recrutement","status":"publish","type":"page","link":"https:\/\/sphinx-afrique.com\/?page_id=2","title":{"rendered":"Recrutement"},"content":{"rendered":"\t\t<div data-elementor-type=\"wp-page\" data-elementor-id=\"2\" class=\"elementor elementor-2\" data-elementor-post-type=\"page\">\n\t\t\t\t<div class=\"elementor-element elementor-element-1880a7de e-flex e-con-boxed e-con e-parent\" data-id=\"1880a7de\" data-element_type=\"container\" data-settings=\"{&quot;background_background&quot;:&quot;classic&quot;}\">\n\t\t\t\t\t<div class=\"e-con-inner\">\n\t\t\t\t<div class=\"elementor-element elementor-element-584ab50 elementor-widget elementor-widget-heading\" data-id=\"584ab50\" data-element_type=\"widget\" data-widget_type=\"heading.default\">\n\t\t\t\t\t<h2 class=\"elementor-heading-title elementor-size-default\">Recrutement\n<\/h2>\t\t\t\t<\/div>\n\t\t\t\t\t<\/div>\n\t\t\t\t<\/div>\n\t\t<div class=\"elementor-element elementor-element-13ae940a e-flex e-con-boxed e-con e-parent\" data-id=\"13ae940a\" data-element_type=\"container\">\n\t\t\t\t\t<div class=\"e-con-inner\">\n\t\t<div class=\"elementor-element elementor-element-5fdd13e7 e-con-full e-flex e-con e-child\" data-id=\"5fdd13e7\" data-element_type=\"container\">\n\t\t<div class=\"elementor-element elementor-element-2bfda5ff e-flex e-con-boxed e-con e-child\" data-id=\"2bfda5ff\" data-element_type=\"container\">\n\t\t\t\t\t<div class=\"e-con-inner\">\n\t\t\t\t<div class=\"elementor-element elementor-element-5b4382f elementor-widget elementor-widget-text-editor\" data-id=\"5b4382f\" data-element_type=\"widget\" data-widget_type=\"text-editor.default\">\n\t\t\t\t\t\t\t\t\t<p>Les dossiers sont \u00e0 d\u00e9poser au si\u00e8ge \u00e0 Dakar du lundi au vendredi de 09h00 \u00e0 17h00. Les dossiers doivent comprendre les \u00e9l\u00e9ments suivants :<\/p>\n<ul>\n<li>CV \u00e0 jour<\/li>\n<li>Copie certifi\u00e9e conforme de la pi\u00e8ce d\u2019identit\u00e9 (CNI ou Passeport)<\/li>\n<li>Lettre manuscrite de motivation<\/li>\n<li>Casier judiciaire datant de moins de 3 mois<\/li>\n<li>Certificat de vie et de m\u0153urs datant de moins de 3 mois<\/li>\n<li>Visite m\u00e9dical d\u2019aptitude au travail<\/li>\n<li>Dipl\u00f4me d\u2019\u00e9tudes<\/li>\n<\/ul>\n<p>\u00a0<\/p>\n<p><strong>POUR LES ANCIENS MILITAIRES :<\/strong><\/p>\n<ul>\n<li>Certificat de bonne conduite<\/li>\n<li>Copie des \u00e9tats signal\u00e9tiques des services<\/li>\n<\/ul>\n<p>\u00a0<\/p>\n<p>Tout dossier incomplet ne sera pas trait\u00e9.\u00a0 Une fois d\u00e9pos\u00e9, le dossier ne peut pas \u00eatre r\u00e9cup\u00e9r\u00e9.\u00a0Aucune candidature ne sera accept\u00e9e par e-mail.<\/p>\n<p>Les candidats retenus seront contact\u00e9s directement par la direction des ressources humaines.<\/p>\t\t\t\t\t\t\t\t<\/div>\n\t\t\t\t\t<\/div>\n\t\t\t\t<\/div>\n\t\t\t\t<div class=\"elementor-element elementor-element-1e438661 elementor-widget elementor-widget-button\" data-id=\"1e438661\" data-element_type=\"widget\" data-widget_type=\"button.default\">\n\t\t\t\t\t\t\t\t\t\t<a class=\"elementor-button elementor-button-link elementor-size-xl\" href=\"#\">\n\t\t\t\t\t\t<span class=\"elementor-button-content-wrapper\">\n\t\t\t\t\t\t\t\t\t<span class=\"elementor-button-text\">Rejoignez-nous maintenant<\/span>\n\t\t\t\t\t<\/span>\n\t\t\t\t\t<\/a>\n\t\t\t\t\t\t\t\t<\/div>\n\t\t\t\t<\/div>\n\t\t<div class=\"elementor-element elementor-element-15a4413e e-con-full e-flex e-con e-child\" data-id=\"15a4413e\" data-element_type=\"container\">\n\t\t\t\t<div class=\"elementor-element elementor-element-38413d6f elementor-widget elementor-widget-image\" data-id=\"38413d6f\" data-element_type=\"widget\" data-widget_type=\"image.default\">\n\t\t\t\t\t\t\t\t\t\t\t\t\t\t\t<img fetchpriority=\"high\" decoding=\"async\" width=\"768\" height=\"1204\" src=\"https:\/\/sphinx-afrique.com\/wp-content\/uploads\/2024\/11\/security-guard-doing-salute-hand-gesture-while-military-post-1-scaled-e1732496045413-768x1204.jpg\" class=\"attachment-medium_large size-medium_large wp-image-2147\" alt=\"\" srcset=\"https:\/\/sphinx-afrique.com\/wp-content\/uploads\/2024\/11\/security-guard-doing-salute-hand-gesture-while-military-post-1-scaled-e1732496045413-768x1204.jpg 768w, https:\/\/sphinx-afrique.com\/wp-content\/uploads\/2024\/11\/security-guard-doing-salute-hand-gesture-while-military-post-1-scaled-e1732496045413-191x300.jpg 191w, https:\/\/sphinx-afrique.com\/wp-content\/uploads\/2024\/11\/security-guard-doing-salute-hand-gesture-while-military-post-1-scaled-e1732496045413-653x1024.jpg 653w, https:\/\/sphinx-afrique.com\/wp-content\/uploads\/2024\/11\/security-guard-doing-salute-hand-gesture-while-military-post-1-scaled-e1732496045413-600x941.jpg 600w, https:\/\/sphinx-afrique.com\/wp-content\/uploads\/2024\/11\/security-guard-doing-salute-hand-gesture-while-military-post-1-scaled-e1732496045413.jpg 917w\" sizes=\"(max-width: 768px) 100vw, 768px\" \/>\t\t\t\t\t\t\t\t\t\t\t\t\t\t\t<\/div>\n\t\t\t\t<\/div>\n\t\t\t\t\t<\/div>\n\t\t\t\t<\/div>\n\t\t\t\t<\/div>\n\t\t","protected":false},"excerpt":{"rendered":"<p>Recrutement Les dossiers sont \u00e0 d\u00e9poser au si\u00e8ge \u00e0 Dakar du lundi au vendredi de 09h00 \u00e0 17h00. Les dossiers doivent comprendre les \u00e9l\u00e9ments suivants : CV \u00e0 jour Copie certifi\u00e9e conforme de la pi\u00e8ce d\u2019identit\u00e9 (CNI ou Passeport) Lettre manuscrite de motivation Casier judiciaire datant de moins de 3 mois Certificat de vie et [&hellip;]<\/p>\n","protected":false},"author":1,"featured_media":0,"parent":0,"menu_order":0,"comment_status":"closed","ping_status":"closed","template":"elementor_header_footer","meta":{"footnotes":""},"class_list":["post-2","page","type-page","status-publish","hentry"],"aioseo_notices":[],"yoast_head":"<!-- This site is optimized with the Yoast SEO plugin v24.7 - https:\/\/yoast.com\/wordpress\/plugins\/seo\/ -->\n<title>Recrutement - SPHINX AFRIQUE SECURITE<\/title>\n<meta name=\"robots\" content=\"index, follow, max-snippet:-1, max-image-preview:large, max-video-preview:-1\" \/>\n<link rel=\"canonical\" href=\"https:\/\/sphinx-afrique.com\/?page_id=2\" \/>\n<meta property=\"og:locale\" content=\"fr_FR\" \/>\n<meta property=\"og:type\" content=\"article\" \/>\n<meta property=\"og:title\" content=\"Recrutement - SPHINX AFRIQUE SECURITE\" \/>\n<meta property=\"og:description\" content=\"Recrutement Les dossiers sont \u00e0 d\u00e9poser au si\u00e8ge \u00e0 Dakar du lundi au vendredi de 09h00 \u00e0 17h00. Les dossiers doivent comprendre les \u00e9l\u00e9ments suivants : CV \u00e0 jour Copie certifi\u00e9e conforme de la pi\u00e8ce d\u2019identit\u00e9 (CNI ou Passeport) Lettre manuscrite de motivation Casier judiciaire datant de moins de 3 mois Certificat de vie et [&hellip;]\" \/>\n<meta property=\"og:url\" content=\"https:\/\/sphinx-afrique.com\/?page_id=2\" \/>\n<meta property=\"og:site_name\" content=\"SPHINX AFRIQUE SECURITE\" \/>\n<meta property=\"article:publisher\" content=\"https:\/\/facebook.com\" \/>\n<meta property=\"article:modified_time\" content=\"2024-11-25T01:06:00+00:00\" \/>\n<meta property=\"og:image\" content=\"https:\/\/sphinx-afrique.com\/wp-content\/uploads\/2024\/11\/security-guard-doing-salute-hand-gesture-while-military-post-1-scaled-e1732496045413.jpg\" \/>\n\t<meta property=\"og:image:width\" content=\"917\" \/>\n\t<meta property=\"og:image:height\" content=\"1438\" \/>\n\t<meta property=\"og:image:type\" content=\"image\/jpeg\" \/>\n<meta name=\"twitter:card\" content=\"summary_large_image\" \/>\n<meta name=\"twitter:label1\" content=\"Dur\u00e9e de lecture estim\u00e9e\" \/>\n\t<meta name=\"twitter:data1\" content=\"1 minute\" \/>\n<script type=\"application\/ld+json\" class=\"yoast-schema-graph\">{\"@context\":\"https:\/\/schema.org\",\"@graph\":[{\"@type\":\"WebPage\",\"@id\":\"https:\/\/sphinx-afrique.com\/?page_id=2\",\"url\":\"https:\/\/sphinx-afrique.com\/?page_id=2\",\"name\":\"Recrutement - SPHINX AFRIQUE SECURITE\",\"isPartOf\":{\"@id\":\"https:\/\/sphinx-afrique.com\/#website\"},\"primaryImageOfPage\":{\"@id\":\"https:\/\/sphinx-afrique.com\/?page_id=2#primaryimage\"},\"image\":{\"@id\":\"https:\/\/sphinx-afrique.com\/?page_id=2#primaryimage\"},\"thumbnailUrl\":\"https:\/\/sphinx-afrique.com\/wp-content\/uploads\/2024\/11\/security-guard-doing-salute-hand-gesture-while-military-post-1-scaled-e1732496045413-768x1204.jpg\",\"datePublished\":\"2024-11-22T19:22:51+00:00\",\"dateModified\":\"2024-11-25T01:06:00+00:00\",\"breadcrumb\":{\"@id\":\"https:\/\/sphinx-afrique.com\/?page_id=2#breadcrumb\"},\"inLanguage\":\"fr-FR\",\"potentialAction\":[{\"@type\":\"ReadAction\",\"target\":[\"https:\/\/sphinx-afrique.com\/?page_id=2\"]}]},{\"@type\":\"ImageObject\",\"inLanguage\":\"fr-FR\",\"@id\":\"https:\/\/sphinx-afrique.com\/?page_id=2#primaryimage\",\"url\":\"https:\/\/sphinx-afrique.com\/wp-content\/uploads\/2024\/11\/security-guard-doing-salute-hand-gesture-while-military-post-1-scaled-e1732496045413.jpg\",\"contentUrl\":\"https:\/\/sphinx-afrique.com\/wp-content\/uploads\/2024\/11\/security-guard-doing-salute-hand-gesture-while-military-post-1-scaled-e1732496045413.jpg\",\"width\":917,\"height\":1438,\"caption\":\"Security guard doing salute hand gesture, preparing to start job of deterring criminals. Portrait of bodyguard doing greeting gesturing and military pose, studio background, camera A\"},{\"@type\":\"BreadcrumbList\",\"@id\":\"https:\/\/sphinx-afrique.com\/?page_id=2#breadcrumb\",\"itemListElement\":[{\"@type\":\"ListItem\",\"position\":1,\"name\":\"Accueil\",\"item\":\"https:\/\/sphinx-afrique.com\/\"},{\"@type\":\"ListItem\",\"position\":2,\"name\":\"Recrutement\"}]},{\"@type\":\"WebSite\",\"@id\":\"https:\/\/sphinx-afrique.com\/#website\",\"url\":\"https:\/\/sphinx-afrique.com\/\",\"name\":\"JAMM AK NDAW NI\",\"description\":\"Partenaires Surete et S\u00e9curit\u00e9 \",\"publisher\":{\"@id\":\"https:\/\/sphinx-afrique.com\/#organization\"},\"potentialAction\":[{\"@type\":\"SearchAction\",\"target\":{\"@type\":\"EntryPoint\",\"urlTemplate\":\"https:\/\/sphinx-afrique.com\/?s={search_term_string}\"},\"query-input\":{\"@type\":\"PropertyValueSpecification\",\"valueRequired\":true,\"valueName\":\"search_term_string\"}}],\"inLanguage\":\"fr-FR\"},{\"@type\":\"Organization\",\"@id\":\"https:\/\/sphinx-afrique.com\/#organization\",\"name\":\"JAMM AK NDAW NI\",\"url\":\"https:\/\/sphinx-afrique.com\/\",\"logo\":{\"@type\":\"ImageObject\",\"inLanguage\":\"fr-FR\",\"@id\":\"https:\/\/sphinx-afrique.com\/#\/schema\/logo\/image\/\",\"url\":\"https:\/\/sphinx-afrique.com\/wp-content\/uploads\/2024\/11\/ADN-ASSURANCE.png\",\"contentUrl\":\"https:\/\/sphinx-afrique.com\/wp-content\/uploads\/2024\/11\/ADN-ASSURANCE.png\",\"width\":750,\"height\":282,\"caption\":\"JAMM AK NDAW NI\"},\"image\":{\"@id\":\"https:\/\/sphinx-afrique.com\/#\/schema\/logo\/image\/\"},\"sameAs\":[\"https:\/\/facebook.com\"]}]}<\/script>\n<!-- \/ Yoast SEO plugin. -->","yoast_head_json":{"title":"Recrutement - SPHINX AFRIQUE SECURITE","robots":{"index":"index","follow":"follow","max-snippet":"max-snippet:-1","max-image-preview":"max-image-preview:large","max-video-preview":"max-video-preview:-1"},"canonical":"https:\/\/sphinx-afrique.com\/?page_id=2","og_locale":"fr_FR","og_type":"article","og_title":"Recrutement - SPHINX AFRIQUE SECURITE","og_description":"Recrutement Les dossiers sont \u00e0 d\u00e9poser au si\u00e8ge \u00e0 Dakar du lundi au vendredi de 09h00 \u00e0 17h00. Les dossiers doivent comprendre les \u00e9l\u00e9ments suivants : CV \u00e0 jour Copie certifi\u00e9e conforme de la pi\u00e8ce d\u2019identit\u00e9 (CNI ou Passeport) Lettre manuscrite de motivation Casier judiciaire datant de moins de 3 mois Certificat de vie et [&hellip;]","og_url":"https:\/\/sphinx-afrique.com\/?page_id=2","og_site_name":"SPHINX AFRIQUE SECURITE","article_publisher":"https:\/\/facebook.com","article_modified_time":"2024-11-25T01:06:00+00:00","og_image":[{"width":917,"height":1438,"url":"https:\/\/sphinx-afrique.com\/wp-content\/uploads\/2024\/11\/security-guard-doing-salute-hand-gesture-while-military-post-1-scaled-e1732496045413.jpg","type":"image\/jpeg"}],"twitter_card":"summary_large_image","twitter_misc":{"Dur\u00e9e de lecture estim\u00e9e":"1 minute"},"schema":{"@context":"https:\/\/schema.org","@graph":[{"@type":"WebPage","@id":"https:\/\/sphinx-afrique.com\/?page_id=2","url":"https:\/\/sphinx-afrique.com\/?page_id=2","name":"Recrutement - SPHINX AFRIQUE SECURITE","isPartOf":{"@id":"https:\/\/sphinx-afrique.com\/#website"},"primaryImageOfPage":{"@id":"https:\/\/sphinx-afrique.com\/?page_id=2#primaryimage"},"image":{"@id":"https:\/\/sphinx-afrique.com\/?page_id=2#primaryimage"},"thumbnailUrl":"https:\/\/sphinx-afrique.com\/wp-content\/uploads\/2024\/11\/security-guard-doing-salute-hand-gesture-while-military-post-1-scaled-e1732496045413-768x1204.jpg","datePublished":"2024-11-22T19:22:51+00:00","dateModified":"2024-11-25T01:06:00+00:00","breadcrumb":{"@id":"https:\/\/sphinx-afrique.com\/?page_id=2#breadcrumb"},"inLanguage":"fr-FR","potentialAction":[{"@type":"ReadAction","target":["https:\/\/sphinx-afrique.com\/?page_id=2"]}]},{"@type":"ImageObject","inLanguage":"fr-FR","@id":"https:\/\/sphinx-afrique.com\/?page_id=2#primaryimage","url":"https:\/\/sphinx-afrique.com\/wp-content\/uploads\/2024\/11\/security-guard-doing-salute-hand-gesture-while-military-post-1-scaled-e1732496045413.jpg","contentUrl":"https:\/\/sphinx-afrique.com\/wp-content\/uploads\/2024\/11\/security-guard-doing-salute-hand-gesture-while-military-post-1-scaled-e1732496045413.jpg","width":917,"height":1438,"caption":"Security guard doing salute hand gesture, preparing to start job of deterring criminals. Portrait of bodyguard doing greeting gesturing and military pose, studio background, camera A"},{"@type":"BreadcrumbList","@id":"https:\/\/sphinx-afrique.com\/?page_id=2#breadcrumb","itemListElement":[{"@type":"ListItem","position":1,"name":"Accueil","item":"https:\/\/sphinx-afrique.com\/"},{"@type":"ListItem","position":2,"name":"Recrutement"}]},{"@type":"WebSite","@id":"https:\/\/sphinx-afrique.com\/#website","url":"https:\/\/sphinx-afrique.com\/","name":"JAMM AK NDAW NI","description":"Partenaires Surete et S\u00e9curit\u00e9 ","publisher":{"@id":"https:\/\/sphinx-afrique.com\/#organization"},"potentialAction":[{"@type":"SearchAction","target":{"@type":"EntryPoint","urlTemplate":"https:\/\/sphinx-afrique.com\/?s={search_term_string}"},"query-input":{"@type":"PropertyValueSpecification","valueRequired":true,"valueName":"search_term_string"}}],"inLanguage":"fr-FR"},{"@type":"Organization","@id":"https:\/\/sphinx-afrique.com\/#organization","name":"JAMM AK NDAW NI","url":"https:\/\/sphinx-afrique.com\/","logo":{"@type":"ImageObject","inLanguage":"fr-FR","@id":"https:\/\/sphinx-afrique.com\/#\/schema\/logo\/image\/","url":"https:\/\/sphinx-afrique.com\/wp-content\/uploads\/2024\/11\/ADN-ASSURANCE.png","contentUrl":"https:\/\/sphinx-afrique.com\/wp-content\/uploads\/2024\/11\/ADN-ASSURANCE.png","width":750,"height":282,"caption":"JAMM AK NDAW NI"},"image":{"@id":"https:\/\/sphinx-afrique.com\/#\/schema\/logo\/image\/"},"sameAs":["https:\/\/facebook.com"]}]}},"_links":{"self":[{"href":"https:\/\/sphinx-afrique.com\/index.php?rest_route=\/wp\/v2\/pages\/2","targetHints":{"allow":["GET"]}}],"collection":[{"href":"https:\/\/sphinx-afrique.com\/index.php?rest_route=\/wp\/v2\/pages"}],"about":[{"href":"https:\/\/sphinx-afrique.com\/index.php?rest_route=\/wp\/v2\/types\/page"}],"author":[{"embeddable":true,"href":"https:\/\/sphinx-afrique.com\/index.php?rest_route=\/wp\/v2\/users\/1"}],"replies":[{"embeddable":true,"href":"https:\/\/sphinx-afrique.com\/index.php?rest_route=%2Fwp%2Fv2%2Fcomments&post=2"}],"version-history":[{"count":13,"href":"https:\/\/sphinx-afrique.com\/index.php?rest_route=\/wp\/v2\/pages\/2\/revisions"}],"predecessor-version":[{"id":2158,"href":"https:\/\/sphinx-afrique.com\/index.php?rest_route=\/wp\/v2\/pages\/2\/revisions\/2158"}],"wp:attachment":[{"href":"https:\/\/sphinx-afrique.com\/index.php?rest_route=%2Fwp%2Fv2%2Fmedia&parent=2"}],"curies":[{"name":"wp","href":"https:\/\/api.w.org\/{rel}","templated":true}]}}